{"id":581,"date":"2025-11-21T06:57:43","date_gmt":"2025-11-21T06:57:43","guid":{"rendered":"https:\/\/agnakamura.com\/konbi\/?post_type=product&#038;p=581"},"modified":"2026-02-25T14:59:46","modified_gmt":"2026-02-25T14:59:46","slug":"curso-esencial","status":"publish","type":"product","link":"https:\/\/agnakamura.com\/konbi\/cursos\/curso-esencial\/","title":{"rendered":"Curso Esencial"},"content":{"rendered":"<p>Curso en video con todas la herramientas esenciales para poder realizar tu proyecto autoral de manera profesional.<\/p>\n<p>Agust\u00edn Graham Nakamura cre\u00f3 un <b>M\u00e9todo de\u00a0Realizaci\u00f3n de Historietas<\/b> basado en sus experiencias en la docencia y en producciones de cine y animaci\u00f3n japonesa.<\/p>\n<p>Este M\u00e9todo, utilizado por el autor para realizar sus propios trabajos, ofrece herramientas para la realizaci\u00f3n \u00edntegra de un proyecto, desde la concepci\u00f3n de la idea, pasando por la producci\u00f3n, establecimiento de metas y plazos realistas,\u00a0 hasta su\u00a0finalizaci\u00f3n.<\/p>\n<p>Este curso va a proporcionarte herramientas practicas para organizar tus trabajos, controlar su producci\u00f3n y de esta manera concretarlos de una buena vez, e incluso iniciar muchos nuevos!<\/p>\n<hr \/>\n<p>&nbsp;<\/p>\n<p><strong>PARA QUI\u00c9N ES ESTE CURSO<\/strong><\/p>\n<p>\u2022 Para artistas y dibujantes que desean comprender el proceso completo de una historieta o manga.<\/p>\n<p>\u2022 Para autores integrales que quieren organizar y planificar su proyecto desde la idea hasta la entrega final para imprenta.<\/p>\n<p>\u2022 Para quienes quieren profundizar en gram\u00e1tica visual y narrativa, no solo en t\u00e9cnicas de dibujo.<\/p>\n<p>\u2022 Para quienes buscan un enfoque met\u00f3dico y aplicable a proyectos reales.<\/p>\n<p>&nbsp;<\/p>\n<p><strong>QU\u00c9 PROPONE ESTE CURSO<\/strong><\/p>\n<p>\u2022 Un m\u00e9todo claro y aplicable para pensar y producir una historieta o manga.<\/p>\n<p>\u2022 Herramientas pr\u00e1cticas para planificar, desarrollar y concluir un proyecto.<\/p>\n<p>\u2022 Introducci\u00f3n a aspectos de pre-producci\u00f3n, producci\u00f3n y post-producci\u00f3n.<\/p>\n<p>\u2022 Orientaci\u00f3n sobre formatos, narrativa visual, encuadre y presentaci\u00f3n profesional.<\/p>\n<p>\u2022 Recomendaciones sobre herramientas de trabajo, flujo y productividad.<\/p>\n<p>&nbsp;<\/p>\n<p><strong>INVERSI\u00d3N<\/strong><\/p>\n<p>\u2022 Curso Esencial \u2013 Autoria y proceso para historieta y manga.<\/p>\n<p>\u2022 USD 39.90.<\/p>\n<p>\u2022 Pago \u00fanico.<\/p>\n<p>\u2022 Acceso ilimitado a video clases.<\/p>\n<p>&nbsp;<\/p>\n<p><strong>BAJAR PROGRAMA COMPLETO EN PDF: <\/strong><\/p>\n<p><a href=\"https:\/\/agnakamura.com\/konbi\/wp-content\/uploads\/2025\/11\/KONBI-Esencial-Programa.pdf\"><span style=\"text-decoration: underline;\">KONBI-Esencial-Pograma.pdf (ES).<\/span><\/a><\/p>\n<p><a href=\"https:\/\/agnakamura.com\/konbi\/wp-content\/uploads\/2026\/02\/KONBI-Esencial-Conteudos-PT.pdf\"><span style=\"text-decoration: underline;\">KONBI-Esencial-Conteudos.pdf (PT).<\/span><\/a><\/p>\n","protected":false},"excerpt":{"rendered":"<p>Curso en video con todas la herramientas esenciales para poder realizar tu proyecto autoral de manera profesional. Agust\u00edn Graham Nakamura cre\u00f3 un M\u00e9todo de\u00a0Realizaci\u00f3n de Historietas basado en sus experiencias en la docencia y en producciones de cine y animaci\u00f3n japonesa. Este M\u00e9todo, utilizado por el autor para realizar sus propios trabajos, ofrece herramientas para [&hellip;]<\/p>\n","protected":false},"featured_media":875,"template":"","meta":{"_acf_changed":false,"inline_featured_image":false,"ocean_post_layout":"","ocean_both_sidebars_style":"","ocean_both_sidebars_content_width":0,"ocean_both_sidebars_sidebars_width":0,"ocean_sidebar":"0","ocean_second_sidebar":"0","ocean_disable_margins":"enable","ocean_add_body_class":"","ocean_shortcode_before_top_bar":"","ocean_shortcode_after_top_bar":"","ocean_shortcode_before_header":"","ocean_shortcode_after_header":"","ocean_has_shortcode":"","ocean_shortcode_after_title":"","ocean_shortcode_before_footer_widgets":"","ocean_shortcode_after_footer_widgets":"","ocean_shortcode_before_footer_bottom":"","ocean_shortcode_after_footer_bottom":"","ocean_display_top_bar":"default","ocean_display_header":"default","ocean_header_style":"","ocean_center_header_left_menu":"0","ocean_custom_header_template":"0","ocean_custom_logo":0,"ocean_custom_retina_logo":0,"ocean_custom_logo_max_width":0,"ocean_custom_logo_tablet_max_width":0,"ocean_custom_logo_mobile_max_width":0,"ocean_custom_logo_max_height":0,"ocean_custom_logo_tablet_max_height":0,"ocean_custom_logo_mobile_max_height":0,"ocean_header_custom_menu":"0","ocean_menu_typo_font_family":"0","ocean_menu_typo_font_subset":"","ocean_menu_typo_font_size":0,"ocean_menu_typo_font_size_tablet":0,"ocean_menu_typo_font_size_mobile":0,"ocean_menu_typo_font_size_unit":"px","ocean_menu_typo_font_weight":"","ocean_menu_typo_font_weight_tablet":"","ocean_menu_typo_font_weight_mobile":"","ocean_menu_typo_transform":"","ocean_menu_typo_transform_tablet":"","ocean_menu_typo_transform_mobile":"","ocean_menu_typo_line_height":0,"ocean_menu_typo_line_height_tablet":0,"ocean_menu_typo_line_height_mobile":0,"ocean_menu_typo_line_height_unit":"","ocean_menu_typo_spacing":0,"ocean_menu_typo_spacing_tablet":0,"ocean_menu_typo_spacing_mobile":0,"ocean_menu_typo_spacing_unit":"","ocean_menu_link_color":"","ocean_menu_link_color_hover":"","ocean_menu_link_color_active":"","ocean_menu_link_background":"","ocean_menu_link_hover_background":"","ocean_menu_link_active_background":"","ocean_menu_social_links_bg":"","ocean_menu_social_hover_links_bg":"","ocean_menu_social_links_color":"","ocean_menu_social_hover_links_color":"","ocean_disable_title":"default","ocean_disable_heading":"default","ocean_post_title":"","ocean_post_subheading":"","ocean_post_title_style":"","ocean_post_title_background_color":"","ocean_post_title_background":0,"ocean_post_title_bg_image_position":"","ocean_post_title_bg_image_attachment":"","ocean_post_title_bg_image_repeat":"","ocean_post_title_bg_image_size":"","ocean_post_title_height":0,"ocean_post_title_bg_overlay":0.5,"ocean_post_title_bg_overlay_color":"","ocean_disable_breadcrumbs":"default","ocean_breadcrumbs_color":"","ocean_breadcrumbs_separator_color":"","ocean_breadcrumbs_links_color":"","ocean_breadcrumbs_links_hover_color":"","ocean_display_footer_widgets":"default","ocean_display_footer_bottom":"default","ocean_custom_footer_template":"0"},"product_brand":[],"product_cat":[26],"product_tag":[],"class_list":{"0":"post-581","1":"product","2":"type-product","3":"status-publish","4":"has-post-thumbnail","6":"product_cat-esencial","8":"entry","9":"has-media","11":"first","12":"instock","13":"virtual","14":"sold-individually","15":"purchasable","16":"product-type-simple","17":"col","18":"span_1_of_3","19":"owp-content-center","20":"owp-thumbs-layout-horizontal","21":"owp-btn-normal","22":"owp-tabs-layout-horizontal","23":"has-no-thumbnails"},"acf":[],"_links":{"self":[{"href":"https:\/\/agnakamura.com\/konbi\/wp-json\/wp\/v2\/product\/581","targetHints":{"allow":["GET"]}}],"collection":[{"href":"https:\/\/agnakamura.com\/konbi\/wp-json\/wp\/v2\/product"}],"about":[{"href":"https:\/\/agnakamura.com\/konbi\/wp-json\/wp\/v2\/types\/product"}],"wp:featuredmedia":[{"embeddable":true,"href":"https:\/\/agnakamura.com\/konbi\/wp-json\/wp\/v2\/media\/875"}],"wp:attachment":[{"href":"https:\/\/agnakamura.com\/konbi\/wp-json\/wp\/v2\/media?parent=581"}],"wp:term":[{"taxonomy":"product_brand","embeddable":true,"href":"https:\/\/agnakamura.com\/konbi\/wp-json\/wp\/v2\/product_brand?post=581"},{"taxonomy":"product_cat","embeddable":true,"href":"https:\/\/agnakamura.com\/konbi\/wp-json\/wp\/v2\/product_cat?post=581"},{"taxonomy":"product_tag","embeddable":true,"href":"https:\/\/agnakamura.com\/konbi\/wp-json\/wp\/v2\/product_tag?post=581"}],"curies":[{"name":"wp","href":"https:\/\/api.w.org\/{rel}","templated":true}]}}