{"id":9,"date":"2025-10-17T03:03:19","date_gmt":"2025-10-17T03:03:19","guid":{"rendered":"https:\/\/agnakamura.com\/konbi\/?page_id=9"},"modified":"2026-01-08T03:07:20","modified_gmt":"2026-01-08T03:07:20","slug":"homepage","status":"publish","type":"page","link":"https:\/\/agnakamura.com\/konbi\/","title":{"rendered":"Homepage"},"content":{"rendered":"\t\t<div data-elementor-type=\"wp-page\" data-elementor-id=\"9\" class=\"elementor elementor-9\" data-elementor-post-type=\"page\">\n\t\t\t\t<div class=\"elementor-element elementor-element-0125bad e-con-full e-flex e-con e-parent\" data-id=\"0125bad\" data-element_type=\"container\" data-e-type=\"container\" id=\"top\" data-settings=\"{&quot;background_background&quot;:&quot;classic&quot;}\">\n\t\t<div class=\"elementor-element elementor-element-4fe6937 e-con-full e-flex e-con e-child\" data-id=\"4fe6937\" data-element_type=\"container\" data-e-type=\"container\" data-settings=\"{&quot;background_background&quot;:&quot;classic&quot;}\">\n\t\t\t\t<\/div>\n\t\t\t\t<\/div>\n\t\t<div class=\"elementor-element elementor-element-b38c6f5 e-flex e-con-boxed e-con e-parent\" data-id=\"b38c6f5\" data-element_type=\"container\" data-e-type=\"container\" data-settings=\"{&quot;background_background&quot;:&quot;classic&quot;}\">\n\t\t\t\t\t<div class=\"e-con-inner\">\n\t\t<div class=\"elementor-element elementor-element-6d91e60 e-con-full e-flex e-con e-child\" data-id=\"6d91e60\" data-element_type=\"container\" data-e-type=\"container\">\n\t\t<div class=\"elementor-element elementor-element-b74108d e-con-full e-flex e-con e-child\" data-id=\"b74108d\" data-element_type=\"container\" data-e-type=\"container\">\n\t\t\t\t<div class=\"elementor-element elementor-element-942675e elementor-widget elementor-widget-image\" data-id=\"942675e\" data-element_type=\"widget\" data-e-type=\"widget\" data-widget_type=\"image.default\">\n\t\t\t\t\t\t\t\t\t\t\t\t\t\t\t<img decoding=\"async\" width=\"130\" height=\"194\" src=\"https:\/\/agnakamura.com\/konbi\/wp-content\/uploads\/2025\/11\/logointerna.jpg\" class=\"attachment-full size-full wp-image-494\" alt=\"\" \/>\t\t\t\t\t\t\t\t\t\t\t\t\t\t\t<\/div>\n\t\t\t\t<\/div>\n\t\t<div class=\"elementor-element elementor-element-f7a3f8d e-con-full e-flex e-con e-child\" data-id=\"f7a3f8d\" data-element_type=\"container\" data-e-type=\"container\">\n\t\t\t\t<div class=\"elementor-element elementor-element-7444177 elementor-widget__width-initial elementor-widget elementor-widget-text-editor\" data-id=\"7444177\" data-element_type=\"widget\" data-e-type=\"widget\" data-widget_type=\"text-editor.default\">\n\t\t\t\t\t\t\t\t\t<p><strong>KONBI Studio<\/strong> es una plataforma para discutir, compartir y aprender a trav\u00e9s de cursos, lives, recomendaciones y tips sobre ilustraci\u00f3n, historieta y cultura Japonesa.<\/p>\t\t\t\t\t\t\t\t<\/div>\n\t\t\t\t<div class=\"elementor-element elementor-element-1d74d13 elementor-mobile-align-center elementor-widget elementor-widget-button\" data-id=\"1d74d13\" data-element_type=\"widget\" data-e-type=\"widget\" data-widget_type=\"button.default\">\n\t\t\t\t\t\t\t\t\t\t<a class=\"elementor-button elementor-button-link elementor-size-sm\" href=\"https:\/\/agnakamura.com\/konbi\/sobre\/\">\n\t\t\t\t\t\t<span class=\"elementor-button-content-wrapper\">\n\t\t\t\t\t\t\t\t\t<span class=\"elementor-button-text\">Ver m\u00e1s<\/span>\n\t\t\t\t\t<\/span>\n\t\t\t\t\t<\/a>\n\t\t\t\t\t\t\t\t<\/div>\n\t\t\t\t<\/div>\n\t\t\t\t<\/div>\n\t\t\t\t\t<\/div>\n\t\t\t\t<\/div>\n\t\t<div class=\"elementor-element elementor-element-7b4e3a7 e-flex e-con-boxed e-con e-parent\" data-id=\"7b4e3a7\" data-element_type=\"container\" data-e-type=\"container\" data-settings=\"{&quot;background_background&quot;:&quot;classic&quot;}\">\n\t\t\t\t\t<div class=\"e-con-inner\">\n\t\t\t\t<div class=\"elementor-element elementor-element-47c864a elementor-widget elementor-widget-heading\" data-id=\"47c864a\" data-element_type=\"widget\" data-e-type=\"widget\" data-widget_type=\"heading.default\">\n\t\t\t\t\t<h2 class=\"elementor-heading-title elementor-size-default\">Testimonios<\/h2>\t\t\t\t<\/div>\n\t\t\t\t<div class=\"elementor-element elementor-element-4ea3cd1 elementor-testimonial--skin-default elementor-testimonial--layout-image_inline elementor-testimonial--align-center elementor-pagination-type-bullets elementor-widget elementor-widget-testimonial-carousel\" data-id=\"4ea3cd1\" data-element_type=\"widget\" data-e-type=\"widget\" data-settings=\"{&quot;slides_per_view&quot;:&quot;2&quot;,&quot;space_between&quot;:{&quot;unit&quot;:&quot;px&quot;,&quot;size&quot;:80,&quot;sizes&quot;:[]},&quot;slides_to_scroll&quot;:&quot;2&quot;,&quot;pagination&quot;:&quot;bullets&quot;,&quot;speed&quot;:500,&quot;space_between_tablet&quot;:{&quot;unit&quot;:&quot;px&quot;,&quot;size&quot;:10,&quot;sizes&quot;:[]},&quot;space_between_mobile&quot;:{&quot;unit&quot;:&quot;px&quot;,&quot;size&quot;:10,&quot;sizes&quot;:[]}}\" data-widget_type=\"testimonial-carousel.default\">\n\t\t\t\t\t\t\t\t\t\t<div class=\"elementor-main-swiper swiper\" role=\"region\" aria-roledescription=\"carousel\" aria-label=\"Slides\">\n\t\t\t\t<div class=\"swiper-wrapper\">\n\t\t\t\t\t\t\t\t\t\t\t<div class=\"swiper-slide\" role=\"group\" aria-roledescription=\"slide\">\n\t\t\t\t\t\t\t\t\t<div class=\"elementor-testimonial\">\n\t\t\t\t\t\t\t<div class=\"elementor-testimonial__content\">\n\t\t\t\t\t<div class=\"elementor-testimonial__text\">\n\t\t\t\t\t\t\u201cUn placer el compartir con gente que flashea lo mismo y con un profe que da consejos a la medida de cada persona y proyecto, un lujo!\u201d\t\t\t\t\t<\/div>\n\t\t\t\t\t\t\t\t\t<\/div>\n\t\t\t\t\t\t<div class=\"elementor-testimonial__footer\">\n\t\t\t\t\t\t\t\t<cite class=\"elementor-testimonial__cite\"><span class=\"elementor-testimonial__name\">Lautaro<\/span><\/cite>\t\t\t<\/div>\n\t\t<\/div>\n\t\t\t\t\t\t\t\t<\/div>\n\t\t\t\t\t\t\t\t\t\t\t<div class=\"swiper-slide\" role=\"group\" aria-roledescription=\"slide\">\n\t\t\t\t\t\t\t\t\t<div class=\"elementor-testimonial\">\n\t\t\t\t\t\t\t<div class=\"elementor-testimonial__content\">\n\t\t\t\t\t<div class=\"elementor-testimonial__text\">\n\t\t\t\t\t\t\"Estuvo excelente, me divert\u00ed much\u00edsimo y me abri\u00f3 el panorama un mont\u00f3n! S\u00faper interesada en realizar mas cursos en el futuro.\"\t\t\t\t\t<\/div>\n\t\t\t\t\t\t\t\t\t<\/div>\n\t\t\t\t\t\t<div class=\"elementor-testimonial__footer\">\n\t\t\t\t\t\t\t\t<cite class=\"elementor-testimonial__cite\"><span class=\"elementor-testimonial__name\">Georgina<\/span><\/cite>\t\t\t<\/div>\n\t\t<\/div>\n\t\t\t\t\t\t\t\t<\/div>\n\t\t\t\t\t\t\t\t\t\t\t<div class=\"swiper-slide\" role=\"group\" aria-roledescription=\"slide\">\n\t\t\t\t\t\t\t\t\t<div class=\"elementor-testimonial\">\n\t\t\t\t\t\t\t<div class=\"elementor-testimonial__content\">\n\t\t\t\t\t<div class=\"elementor-testimonial__text\">\n\t\t\t\t\t\t\u201cAM\u00c9 <3 me quiero inscribir en la pr\u00f3xima!\u201d\t\t\t\t\t<\/div>\n\t\t\t\t\t\t\t\t\t<\/div>\n\t\t\t\t\t\t<div class=\"elementor-testimonial__footer\">\n\t\t\t\t\t\t\t\t<cite class=\"elementor-testimonial__cite\"><span class=\"elementor-testimonial__name\">Alumna<\/span><\/cite>\t\t\t<\/div>\n\t\t<\/div>\n\t\t\t\t\t\t\t\t<\/div>\n\t\t\t\t\t\t\t\t\t\t\t<div class=\"swiper-slide\" role=\"group\" aria-roledescription=\"slide\">\n\t\t\t\t\t\t\t\t\t<div class=\"elementor-testimonial\">\n\t\t\t\t\t\t\t<div class=\"elementor-testimonial__content\">\n\t\t\t\t\t<div class=\"elementor-testimonial__text\">\n\t\t\t\t\t\t\"Me regres\u00f3 a un hobby que era muy fuerte y Lo bab\u00eda dejado en el pasado. Me trajo a \u00e9pocas d\u00f3nde sol\u00eda so\u00f1ar con ser historietista\"\t\t\t\t\t<\/div>\n\t\t\t\t\t\t\t\t\t<\/div>\n\t\t\t\t\t\t<div class=\"elementor-testimonial__footer\">\n\t\t\t\t\t\t\t\t<cite class=\"elementor-testimonial__cite\"><span class=\"elementor-testimonial__name\">Mariano<\/span><\/cite>\t\t\t<\/div>\n\t\t<\/div>\n\t\t\t\t\t\t\t\t<\/div>\n\t\t\t\t\t\t\t\t\t\t\t<div class=\"swiper-slide\" role=\"group\" aria-roledescription=\"slide\">\n\t\t\t\t\t\t\t\t\t<div class=\"elementor-testimonial\">\n\t\t\t\t\t\t\t<div class=\"elementor-testimonial__content\">\n\t\t\t\t\t<div class=\"elementor-testimonial__text\">\n\t\t\t\t\t\t\u201cHe participado de varios cursos acerca de la t\u00e9cnica del c\u00f3mic en los \u00faltimos 15 a\u00f1os y la Mentor\u00eda de Konbi est\u00e1 muy por encima de la mayor\u00eda de estos. Es quiz\u00e1s lo m\u00e1s cercano a tomar un curso universitario.\u201d\n\t\t\t\t\t<\/div>\n\t\t\t\t\t\t\t\t\t<\/div>\n\t\t\t\t\t\t<div class=\"elementor-testimonial__footer\">\n\t\t\t\t\t\t\t\t<cite class=\"elementor-testimonial__cite\"><span class=\"elementor-testimonial__name\">Jos\u00e9<\/span><\/cite>\t\t\t<\/div>\n\t\t<\/div>\n\t\t\t\t\t\t\t\t<\/div>\n\t\t\t\t\t\t\t\t\t<\/div>\n\t\t\t\t\t\t\t\t\t\t\t\t\t\t\t\t\t\t\t\t<div class=\"swiper-pagination\"><\/div>\n\t\t\t\t\t\t\t\t\t\t\t\t<\/div>\n\t\t\t\t\t\t\t\t<\/div>\n\t\t\t\t\t<\/div>\n\t\t\t\t<\/div>\n\t\t<div class=\"elementor-element elementor-element-0893a1c e-flex e-con-boxed e-con e-parent\" data-id=\"0893a1c\" data-element_type=\"container\" data-e-type=\"container\" data-settings=\"{&quot;background_background&quot;:&quot;classic&quot;}\">\n\t\t\t\t\t<div class=\"e-con-inner\">\n\t\t\t\t<div class=\"elementor-element elementor-element-a7e44d3 elementor-widget elementor-widget-heading\" data-id=\"a7e44d3\" data-element_type=\"widget\" data-e-type=\"widget\" data-widget_type=\"heading.default\">\n\t\t\t\t\t<h2 class=\"elementor-heading-title elementor-size-default\">Noticias<\/h2>\t\t\t\t<\/div>\n\t\t\t\t<div class=\"elementor-element elementor-element-1b5a816 elementor-grid-4 elementor-posts--align-center elementor-grid-tablet-2 elementor-grid-mobile-1 elementor-posts--thumbnail-top elementor-widget elementor-widget-posts\" data-id=\"1b5a816\" data-element_type=\"widget\" data-e-type=\"widget\" data-settings=\"{&quot;classic_columns&quot;:&quot;4&quot;,&quot;classic_columns_tablet&quot;:&quot;2&quot;,&quot;classic_columns_mobile&quot;:&quot;1&quot;,&quot;classic_row_gap&quot;:{&quot;unit&quot;:&quot;px&quot;,&quot;size&quot;:35,&quot;sizes&quot;:[]},&quot;classic_row_gap_tablet&quot;:{&quot;unit&quot;:&quot;px&quot;,&quot;size&quot;:&quot;&quot;,&quot;sizes&quot;:[]},&quot;classic_row_gap_mobile&quot;:{&quot;unit&quot;:&quot;px&quot;,&quot;size&quot;:&quot;&quot;,&quot;sizes&quot;:[]}}\" data-widget_type=\"posts.classic\">\n\t\t\t\t<div class=\"elementor-widget-container\">\n\t\t\t\t\t\t\t<div class=\"elementor-posts-container elementor-posts elementor-posts--skin-classic elementor-grid\" role=\"list\">\n\t\t\t\t<article class=\"elementor-post elementor-grid-item post-1781 post type-post status-publish format-standard has-post-thumbnail hentry category-novedades category-video entry has-media owp-thumbs-layout-horizontal owp-btn-normal owp-tabs-layout-horizontal has-no-thumbnails\" role=\"listitem\">\n\t\t\t\t<a class=\"elementor-post__thumbnail__link\" href=\"https:\/\/agnakamura.com\/konbi\/atencao-brasil-%f0%9f%87%a7%f0%9f%87%b7\/\" tabindex=\"-1\" >\n\t\t\t<div class=\"elementor-post__thumbnail\"><img fetchpriority=\"high\" decoding=\"async\" width=\"704\" height=\"704\" src=\"https:\/\/agnakamura.com\/konbi\/wp-content\/uploads\/2026\/02\/white-Square-copy-2-2-copy-Large-copy.jpeg\" class=\"attachment-full size-full wp-image-1787\" alt=\"\" srcset=\"https:\/\/agnakamura.com\/konbi\/wp-content\/uploads\/2026\/02\/white-Square-copy-2-2-copy-Large-copy.jpeg 704w, https:\/\/agnakamura.com\/konbi\/wp-content\/uploads\/2026\/02\/white-Square-copy-2-2-copy-Large-copy-300x300.jpeg 300w, https:\/\/agnakamura.com\/konbi\/wp-content\/uploads\/2026\/02\/white-Square-copy-2-2-copy-Large-copy-150x150.jpeg 150w, https:\/\/agnakamura.com\/konbi\/wp-content\/uploads\/2026\/02\/white-Square-copy-2-2-copy-Large-copy-600x600.jpeg 600w, https:\/\/agnakamura.com\/konbi\/wp-content\/uploads\/2026\/02\/white-Square-copy-2-2-copy-Large-copy-100x100.jpeg 100w\" sizes=\"(max-width: 704px) 100vw, 704px\" \/><\/div>\n\t\t<\/a>\n\t\t\t\t<div class=\"elementor-post__text\">\n\t\t\t\t<h3 class=\"elementor-post__title\">\n\t\t\t<a href=\"https:\/\/agnakamura.com\/konbi\/atencao-brasil-%f0%9f%87%a7%f0%9f%87%b7\/\" >\n\t\t\t\tAten\u00e7\u00e3o Brasil! \ud83c\udde7\ud83c\uddf7\t\t\t<\/a>\n\t\t<\/h3>\n\t\t\t\t<div class=\"elementor-post__meta-data\">\n\t\t\t\t\t<span class=\"elementor-post-date\">\n\t\t\tfebrero 25, 2026\t\t<\/span>\n\t\t\t\t<\/div>\n\t\t\n\t\t<a class=\"elementor-post__read-more\" href=\"https:\/\/agnakamura.com\/konbi\/atencao-brasil-%f0%9f%87%a7%f0%9f%87%b7\/\" aria-label=\"Read more about Aten\u00e7\u00e3o Brasil! \ud83c\udde7\ud83c\uddf7\" tabindex=\"-1\" >\n\t\t\tVER M\u00c1S\t\t<\/a>\n\n\t\t\t\t<\/div>\n\t\t\t\t<\/article>\n\t\t\t\t<article class=\"elementor-post elementor-grid-item post-1763 post type-post status-publish format-standard has-post-thumbnail hentry category-novedades category-uncategorized entry has-media owp-thumbs-layout-horizontal owp-btn-normal owp-tabs-layout-horizontal has-no-thumbnails\" role=\"listitem\">\n\t\t\t\t<a class=\"elementor-post__thumbnail__link\" href=\"https:\/\/agnakamura.com\/konbi\/mind-game\/\" tabindex=\"-1\" >\n\t\t\t<div class=\"elementor-post__thumbnail\"><img decoding=\"async\" width=\"486\" height=\"396\" src=\"https:\/\/agnakamura.com\/konbi\/wp-content\/uploads\/2026\/01\/18334b07522699e18629114c476f0079.jpg\" class=\"attachment-full size-full wp-image-1764\" alt=\"\" srcset=\"https:\/\/agnakamura.com\/konbi\/wp-content\/uploads\/2026\/01\/18334b07522699e18629114c476f0079.jpg 486w, https:\/\/agnakamura.com\/konbi\/wp-content\/uploads\/2026\/01\/18334b07522699e18629114c476f0079-300x244.jpg 300w\" sizes=\"(max-width: 486px) 100vw, 486px\" \/><\/div>\n\t\t<\/a>\n\t\t\t\t<div class=\"elementor-post__text\">\n\t\t\t\t<h3 class=\"elementor-post__title\">\n\t\t\t<a href=\"https:\/\/agnakamura.com\/konbi\/mind-game\/\" >\n\t\t\t\tMind Game\t\t\t<\/a>\n\t\t<\/h3>\n\t\t\t\t<div class=\"elementor-post__meta-data\">\n\t\t\t\t\t<span class=\"elementor-post-date\">\n\t\t\tenero 22, 2026\t\t<\/span>\n\t\t\t\t<\/div>\n\t\t\n\t\t<a class=\"elementor-post__read-more\" href=\"https:\/\/agnakamura.com\/konbi\/mind-game\/\" aria-label=\"Read more about Mind Game\" tabindex=\"-1\" >\n\t\t\tVER M\u00c1S\t\t<\/a>\n\n\t\t\t\t<\/div>\n\t\t\t\t<\/article>\n\t\t\t\t<article class=\"elementor-post elementor-grid-item post-1753 post type-post status-publish format-standard has-post-thumbnail hentry category-novedades entry has-media owp-thumbs-layout-horizontal owp-btn-normal owp-tabs-layout-horizontal has-no-thumbnails\" role=\"listitem\">\n\t\t\t\t<a class=\"elementor-post__thumbnail__link\" href=\"https:\/\/agnakamura.com\/konbi\/konbi-studio-canal-de-youtube\/\" tabindex=\"-1\" >\n\t\t\t<div class=\"elementor-post__thumbnail\"><img loading=\"lazy\" decoding=\"async\" width=\"1109\" height=\"1223\" src=\"https:\/\/agnakamura.com\/konbi\/wp-content\/uploads\/2026\/01\/Screenshot-2026-01-19-at-19.28.40-Large.jpeg\" class=\"attachment-full size-full wp-image-1755\" alt=\"\" srcset=\"https:\/\/agnakamura.com\/konbi\/wp-content\/uploads\/2026\/01\/Screenshot-2026-01-19-at-19.28.40-Large.jpeg 1109w, https:\/\/agnakamura.com\/konbi\/wp-content\/uploads\/2026\/01\/Screenshot-2026-01-19-at-19.28.40-Large-272x300.jpeg 272w, https:\/\/agnakamura.com\/konbi\/wp-content\/uploads\/2026\/01\/Screenshot-2026-01-19-at-19.28.40-Large-929x1024.jpeg 929w, https:\/\/agnakamura.com\/konbi\/wp-content\/uploads\/2026\/01\/Screenshot-2026-01-19-at-19.28.40-Large-768x847.jpeg 768w, https:\/\/agnakamura.com\/konbi\/wp-content\/uploads\/2026\/01\/Screenshot-2026-01-19-at-19.28.40-Large-600x662.jpeg 600w\" sizes=\"(max-width: 1109px) 100vw, 1109px\" \/><\/div>\n\t\t<\/a>\n\t\t\t\t<div class=\"elementor-post__text\">\n\t\t\t\t<h3 class=\"elementor-post__title\">\n\t\t\t<a href=\"https:\/\/agnakamura.com\/konbi\/konbi-studio-canal-de-youtube\/\" >\n\t\t\t\tNuevo canal de YouTube.\t\t\t<\/a>\n\t\t<\/h3>\n\t\t\t\t<div class=\"elementor-post__meta-data\">\n\t\t\t\t\t<span class=\"elementor-post-date\">\n\t\t\tenero 19, 2026\t\t<\/span>\n\t\t\t\t<\/div>\n\t\t\n\t\t<a class=\"elementor-post__read-more\" href=\"https:\/\/agnakamura.com\/konbi\/konbi-studio-canal-de-youtube\/\" aria-label=\"Read more about Nuevo canal de YouTube.\" tabindex=\"-1\" >\n\t\t\tVER M\u00c1S\t\t<\/a>\n\n\t\t\t\t<\/div>\n\t\t\t\t<\/article>\n\t\t\t\t<article class=\"elementor-post elementor-grid-item post-1704 post type-post status-publish format-standard has-post-thumbnail hentry category-novedades category-video entry has-media owp-thumbs-layout-horizontal owp-btn-normal owp-tabs-layout-horizontal has-no-thumbnails\" role=\"listitem\">\n\t\t\t\t<a class=\"elementor-post__thumbnail__link\" href=\"https:\/\/agnakamura.com\/konbi\/konbi-studio-esta-de-vuelta\/\" tabindex=\"-1\" >\n\t\t\t<div class=\"elementor-post__thumbnail\"><img loading=\"lazy\" decoding=\"async\" width=\"640\" height=\"359\" src=\"https:\/\/agnakamura.com\/konbi\/wp-content\/uploads\/2026\/01\/Screenshot-2026-01-06-at-16.01.26-Medium.jpeg\" class=\"attachment-full size-full wp-image-1712\" alt=\"\" srcset=\"https:\/\/agnakamura.com\/konbi\/wp-content\/uploads\/2026\/01\/Screenshot-2026-01-06-at-16.01.26-Medium.jpeg 640w, https:\/\/agnakamura.com\/konbi\/wp-content\/uploads\/2026\/01\/Screenshot-2026-01-06-at-16.01.26-Medium-300x168.jpeg 300w, https:\/\/agnakamura.com\/konbi\/wp-content\/uploads\/2026\/01\/Screenshot-2026-01-06-at-16.01.26-Medium-600x337.jpeg 600w\" sizes=\"(max-width: 640px) 100vw, 640px\" \/><\/div>\n\t\t<\/a>\n\t\t\t\t<div class=\"elementor-post__text\">\n\t\t\t\t<h3 class=\"elementor-post__title\">\n\t\t\t<a href=\"https:\/\/agnakamura.com\/konbi\/konbi-studio-esta-de-vuelta\/\" >\n\t\t\t\tKONBI studio est\u00e1 de vuelta!\t\t\t<\/a>\n\t\t<\/h3>\n\t\t\t\t<div class=\"elementor-post__meta-data\">\n\t\t\t\t\t<span class=\"elementor-post-date\">\n\t\t\tenero 6, 2026\t\t<\/span>\n\t\t\t\t<\/div>\n\t\t\n\t\t<a class=\"elementor-post__read-more\" href=\"https:\/\/agnakamura.com\/konbi\/konbi-studio-esta-de-vuelta\/\" aria-label=\"Read more about KONBI studio est\u00e1 de vuelta!\" tabindex=\"-1\" >\n\t\t\tVER M\u00c1S\t\t<\/a>\n\n\t\t\t\t<\/div>\n\t\t\t\t<\/article>\n\t\t\t\t<article class=\"elementor-post elementor-grid-item post-1640 post type-post status-publish format-standard has-post-thumbnail hentry category-novedades entry has-media owp-thumbs-layout-horizontal owp-btn-normal owp-tabs-layout-horizontal has-no-thumbnails\" role=\"listitem\">\n\t\t\t\t<a class=\"elementor-post__thumbnail__link\" href=\"https:\/\/agnakamura.com\/konbi\/konbi-studio-2026\/\" tabindex=\"-1\" >\n\t\t\t<div class=\"elementor-post__thumbnail\"><img loading=\"lazy\" decoding=\"async\" width=\"1290\" height=\"1290\" src=\"https:\/\/agnakamura.com\/konbi\/wp-content\/uploads\/2025\/12\/2.png\" class=\"attachment-full size-full wp-image-1641\" alt=\"\" srcset=\"https:\/\/agnakamura.com\/konbi\/wp-content\/uploads\/2025\/12\/2.png 1290w, https:\/\/agnakamura.com\/konbi\/wp-content\/uploads\/2025\/12\/2-300x300.png 300w, https:\/\/agnakamura.com\/konbi\/wp-content\/uploads\/2025\/12\/2-1024x1024.png 1024w, https:\/\/agnakamura.com\/konbi\/wp-content\/uploads\/2025\/12\/2-150x150.png 150w, https:\/\/agnakamura.com\/konbi\/wp-content\/uploads\/2025\/12\/2-768x768.png 768w, https:\/\/agnakamura.com\/konbi\/wp-content\/uploads\/2025\/12\/2-600x600.png 600w, https:\/\/agnakamura.com\/konbi\/wp-content\/uploads\/2025\/12\/2-100x100.png 100w\" sizes=\"(max-width: 1290px) 100vw, 1290px\" \/><\/div>\n\t\t<\/a>\n\t\t\t\t<div class=\"elementor-post__text\">\n\t\t\t\t<h3 class=\"elementor-post__title\">\n\t\t\t<a href=\"https:\/\/agnakamura.com\/konbi\/konbi-studio-2026\/\" >\n\t\t\t\tKonbi Studio 2026!\t\t\t<\/a>\n\t\t<\/h3>\n\t\t\t\t<div class=\"elementor-post__meta-data\">\n\t\t\t\t\t<span class=\"elementor-post-date\">\n\t\t\tdiciembre 30, 2025\t\t<\/span>\n\t\t\t\t<\/div>\n\t\t\n\t\t<a class=\"elementor-post__read-more\" href=\"https:\/\/agnakamura.com\/konbi\/konbi-studio-2026\/\" aria-label=\"Read more about Konbi Studio 2026!\" tabindex=\"-1\" >\n\t\t\tVER M\u00c1S\t\t<\/a>\n\n\t\t\t\t<\/div>\n\t\t\t\t<\/article>\n\t\t\t\t<article class=\"elementor-post elementor-grid-item post-990 post type-post status-publish format-standard has-post-thumbnail hentry category-novedades entry has-media owp-thumbs-layout-horizontal owp-btn-normal owp-tabs-layout-horizontal has-no-thumbnails\" role=\"listitem\">\n\t\t\t\t<a class=\"elementor-post__thumbnail__link\" href=\"https:\/\/agnakamura.com\/konbi\/proximamente\/\" tabindex=\"-1\" >\n\t\t\t<div class=\"elementor-post__thumbnail\"><img loading=\"lazy\" decoding=\"async\" width=\"1000\" height=\"1000\" src=\"https:\/\/agnakamura.com\/konbi\/wp-content\/uploads\/2025\/12\/Screenshot-2025-12-09-at-11.56.14-copy-2.png\" class=\"attachment-full size-full wp-image-991\" alt=\"\" srcset=\"https:\/\/agnakamura.com\/konbi\/wp-content\/uploads\/2025\/12\/Screenshot-2025-12-09-at-11.56.14-copy-2.png 1000w, https:\/\/agnakamura.com\/konbi\/wp-content\/uploads\/2025\/12\/Screenshot-2025-12-09-at-11.56.14-copy-2-300x300.png 300w, https:\/\/agnakamura.com\/konbi\/wp-content\/uploads\/2025\/12\/Screenshot-2025-12-09-at-11.56.14-copy-2-150x150.png 150w, https:\/\/agnakamura.com\/konbi\/wp-content\/uploads\/2025\/12\/Screenshot-2025-12-09-at-11.56.14-copy-2-768x768.png 768w, https:\/\/agnakamura.com\/konbi\/wp-content\/uploads\/2025\/12\/Screenshot-2025-12-09-at-11.56.14-copy-2-600x600.png 600w, https:\/\/agnakamura.com\/konbi\/wp-content\/uploads\/2025\/12\/Screenshot-2025-12-09-at-11.56.14-copy-2-100x100.png 100w\" sizes=\"(max-width: 1000px) 100vw, 1000px\" \/><\/div>\n\t\t<\/a>\n\t\t\t\t<div class=\"elementor-post__text\">\n\t\t\t\t<h3 class=\"elementor-post__title\">\n\t\t\t<a href=\"https:\/\/agnakamura.com\/konbi\/proximamente\/\" >\n\t\t\t\tPr\u00f3ximamente!\t\t\t<\/a>\n\t\t<\/h3>\n\t\t\t\t<div class=\"elementor-post__meta-data\">\n\t\t\t\t\t<span class=\"elementor-post-date\">\n\t\t\tdiciembre 12, 2025\t\t<\/span>\n\t\t\t\t<\/div>\n\t\t\n\t\t<a class=\"elementor-post__read-more\" href=\"https:\/\/agnakamura.com\/konbi\/proximamente\/\" aria-label=\"Read more about Pr\u00f3ximamente!\" tabindex=\"-1\" >\n\t\t\tVER M\u00c1S\t\t<\/a>\n\n\t\t\t\t<\/div>\n\t\t\t\t<\/article>\n\t\t\t\t<\/div>\n\t\t\n\t\t\t\t\t\t<\/div>\n\t\t\t\t<\/div>\n\t\t\t\t<div class=\"elementor-element elementor-element-be5420c elementor-align-center elementor-widget elementor-widget-button\" data-id=\"be5420c\" data-element_type=\"widget\" data-e-type=\"widget\" data-widget_type=\"button.default\">\n\t\t\t\t\t\t\t\t\t\t<a class=\"elementor-button elementor-button-link elementor-size-sm\" href=\"https:\/\/agnakamura.com\/konbi\/noticias\/\">\n\t\t\t\t\t\t<span class=\"elementor-button-content-wrapper\">\n\t\t\t\t\t\t\t\t\t<span class=\"elementor-button-text\">Ver todas las noticias<\/span>\n\t\t\t\t\t<\/span>\n\t\t\t\t\t<\/a>\n\t\t\t\t\t\t\t\t<\/div>\n\t\t\t\t\t<\/div>\n\t\t\t\t<\/div>\n\t\t\t\t<\/div>\n\t\t","protected":false},"excerpt":{"rendered":"<p>KONBI Studio es una plataforma para discutir, compartir y aprender a trav\u00e9s de cursos, lives, recomendaciones y tips sobre ilustraci\u00f3n, historieta y cultura Japonesa. Ver<\/p>\n","protected":false},"author":2,"featured_media":0,"parent":0,"menu_order":0,"comment_status":"closed","ping_status":"closed","template":"","meta":{"_acf_changed":false,"inline_featured_image":false,"ocean_post_layout":"","ocean_both_sidebars_style":"","ocean_both_sidebars_content_width":0,"ocean_both_sidebars_sidebars_width":0,"ocean_sidebar":"","ocean_second_sidebar":"","ocean_disable_margins":"enable","ocean_add_body_class":"","ocean_shortcode_before_top_bar":"","ocean_shortcode_after_top_bar":"","ocean_shortcode_before_header":"","ocean_shortcode_after_header":"","ocean_has_shortcode":"","ocean_shortcode_after_title":"","ocean_shortcode_before_footer_widgets":"","ocean_shortcode_after_footer_widgets":"","ocean_shortcode_before_footer_bottom":"","ocean_shortcode_after_footer_bottom":"","ocean_display_top_bar":"default","ocean_display_header":"default","ocean_header_style":"","ocean_center_header_left_menu":"","ocean_custom_header_template":"","ocean_custom_logo":0,"ocean_custom_retina_logo":0,"ocean_custom_logo_max_width":0,"ocean_custom_logo_tablet_max_width":0,"ocean_custom_logo_mobile_max_width":0,"ocean_custom_logo_max_height":0,"ocean_custom_logo_tablet_max_height":0,"ocean_custom_logo_mobile_max_height":0,"ocean_header_custom_menu":"","ocean_menu_typo_font_family":"","ocean_menu_typo_font_subset":"","ocean_menu_typo_font_size":0,"ocean_menu_typo_font_size_tablet":0,"ocean_menu_typo_font_size_mobile":0,"ocean_menu_typo_font_size_unit":"px","ocean_menu_typo_font_weight":"","ocean_menu_typo_font_weight_tablet":"","ocean_menu_typo_font_weight_mobile":"","ocean_menu_typo_transform":"","ocean_menu_typo_transform_tablet":"","ocean_menu_typo_transform_mobile":"","ocean_menu_typo_line_height":0,"ocean_menu_typo_line_height_tablet":0,"ocean_menu_typo_line_height_mobile":0,"ocean_menu_typo_line_height_unit":"","ocean_menu_typo_spacing":0,"ocean_menu_typo_spacing_tablet":0,"ocean_menu_typo_spacing_mobile":0,"ocean_menu_typo_spacing_unit":"","ocean_menu_link_color":"","ocean_menu_link_color_hover":"","ocean_menu_link_color_active":"","ocean_menu_link_background":"","ocean_menu_link_hover_background":"","ocean_menu_link_active_background":"","ocean_menu_social_links_bg":"","ocean_menu_social_hover_links_bg":"","ocean_menu_social_links_color":"","ocean_menu_social_hover_links_color":"","ocean_disable_title":"default","ocean_disable_heading":"default","ocean_post_title":"","ocean_post_subheading":"","ocean_post_title_style":"","ocean_post_title_background_color":"","ocean_post_title_background":0,"ocean_post_title_bg_image_position":"","ocean_post_title_bg_image_attachment":"","ocean_post_title_bg_image_repeat":"","ocean_post_title_bg_image_size":"","ocean_post_title_height":0,"ocean_post_title_bg_overlay":0.5,"ocean_post_title_bg_overlay_color":"","ocean_disable_breadcrumbs":"default","ocean_breadcrumbs_color":"","ocean_breadcrumbs_separator_color":"","ocean_breadcrumbs_links_color":"","ocean_breadcrumbs_links_hover_color":"","ocean_display_footer_widgets":"default","ocean_display_footer_bottom":"default","ocean_custom_footer_template":"","footnotes":""},"class_list":["post-9","page","type-page","status-publish","hentry","entry","has-media","owp-thumbs-layout-horizontal","owp-btn-normal","owp-tabs-layout-horizontal","has-no-thumbnails"],"acf":[],"_links":{"self":[{"href":"https:\/\/agnakamura.com\/konbi\/wp-json\/wp\/v2\/pages\/9","targetHints":{"allow":["GET"]}}],"collection":[{"href":"https:\/\/agnakamura.com\/konbi\/wp-json\/wp\/v2\/pages"}],"about":[{"href":"https:\/\/agnakamura.com\/konbi\/wp-json\/wp\/v2\/types\/page"}],"author":[{"embeddable":true,"href":"https:\/\/agnakamura.com\/konbi\/wp-json\/wp\/v2\/users\/2"}],"replies":[{"embeddable":true,"href":"https:\/\/agnakamura.com\/konbi\/wp-json\/wp\/v2\/comments?post=9"}],"version-history":[{"count":331,"href":"https:\/\/agnakamura.com\/konbi\/wp-json\/wp\/v2\/pages\/9\/revisions"}],"predecessor-version":[{"id":1750,"href":"https:\/\/agnakamura.com\/konbi\/wp-json\/wp\/v2\/pages\/9\/revisions\/1750"}],"wp:attachment":[{"href":"https:\/\/agnakamura.com\/konbi\/wp-json\/wp\/v2\/media?parent=9"}],"curies":[{"name":"wp","href":"https:\/\/api.w.org\/{rel}","templated":true}]}}