{"id":837,"date":"2025-12-09T03:43:10","date_gmt":"2025-12-09T03:43:10","guid":{"rendered":"https:\/\/agnakamura.com\/konbi\/?page_id=837"},"modified":"2025-12-15T12:35:44","modified_gmt":"2025-12-15T12:35:44","slug":"terminos-de-privacidad","status":"publish","type":"page","link":"https:\/\/agnakamura.com\/konbi\/terminos-de-privacidad\/","title":{"rendered":"T\u00e9rminos de privacidad"},"content":{"rendered":"\t\t<div data-elementor-type=\"wp-page\" data-elementor-id=\"837\" class=\"elementor elementor-837\" data-elementor-post-type=\"page\">\n\t\t\t\t<div class=\"elementor-element elementor-element-5c3d2e8 e-flex e-con-boxed e-con e-parent\" data-id=\"5c3d2e8\" data-element_type=\"container\" data-e-type=\"container\">\n\t\t\t\t\t<div class=\"e-con-inner\">\n\t\t\t\t<div class=\"elementor-element elementor-element-b00faf4 elementor-widget elementor-widget-heading\" data-id=\"b00faf4\" data-element_type=\"widget\" data-e-type=\"widget\" data-widget_type=\"heading.default\">\n\t\t\t\t\t<h2 class=\"elementor-heading-title elementor-size-default\">T\u00e9rminos de privacidad<\/h2>\t\t\t\t<\/div>\n\t\t\t\t<div class=\"elementor-element elementor-element-e199dff elementor-widget elementor-widget-text-editor\" data-id=\"e199dff\" data-element_type=\"widget\" data-e-type=\"widget\" data-widget_type=\"text-editor.default\">\n\t\t\t\t\t\t\t\t\t<p>Al completar tu Registro de Usuario, tus datos estar\u00e1n seguros de acuerdo con nuestras Pol\u00edticas de Privacidad. Estas pol\u00edticas de privacidad sirven para que el Usuarios sepa c\u00f3mo sus datos e informaciones son utilizados, almacenados y manipulados en nuestra plataforma.<br \/><br \/>1\u00ba) Todos los datos escritos en nuestro formulario de registro son transmitidos de modo seguro (SSL &#8211; Secure Socket Layer) en donde tus datos son encriptados y \u00fanicamente nuestro servidor es capaz de interpretarlos. <br \/><br \/>2\u00ba) Las informaciones contenidas en tu registro son almacenadas de modo que \u00fanicamente pueden ser vistas por nuestros Administradores o Staff.<br \/><br \/>3\u00ba) La contrase\u00f1a de Usuario es fundamental para mantener privados los datos de tu registro. Por esta raz\u00f3n, no la difunda a otras personas bajo ninguna circunstancia. Ninguno de nuestros Administradores o Staff tendr\u00e1 acceso a la contrase\u00f1a de tu registro.<br \/><br \/>4\u00ba) No difundiremos a terceros tus datos de Registro, tales como nombre de usuario, e-mail, n\u00famero de tel\u00e9fono, etc, a fin de mantener al m\u00e1ximo tu privacidad.<br \/><br \/>5\u00ba) Podremos utilizar, con tu previa autorizaci\u00f3n, tus direcci\u00f3n de e-mail para informarte de novedades, lanzamientos y\/o promociones.<br \/><br \/>6\u00ba) Podr\u00e1s siempre administrar tus informaciones de Registro entrando en el Men\u00fa superior en la opci\u00f3n de \u00abIniciar sesi\u00f3n\u201d. En esta secci\u00f3n podr\u00e1s actualizar tus datos de Registro y cambiar tu contrase\u00f1a. En la secci\u00f3n \u201cMis Pedidos\u201d podr\u00e1s acompa\u00f1ar tu hist\u00f3rico de compras en nuestra plataforma.<br \/><br \/>7\u00ba) En caso de pago con Tarjeta de Cr\u00e9dito, el n\u00famero del mismo NO queda almacenado en nuestros servidores. Todas las informaciones de cr\u00e9dito son digitadas directamente en los servidores del Servicio De Pago elegido, garantizando seguridad total durante el proceso de compra.<br \/><br \/>8\u00ba) En caso de recibir alg\u00fan tipo de comunicaci\u00f3n de nuestra parte en su direcci\u00f3n de e-mail recuerde que tendr\u00e1 exclusivamente como remitente: konbistudio@gmail.com<br \/><br \/>9\u00ba) La seguridad de tus pedidos e informaciones personales es muy importante para nosotros, por esta raz\u00f3n las transacciones realizadas en nuestra plataforma son protegidas por un moderno software de seguridad de nuestro servidor que imposibilita que otras personas tengan acceso a los datos privados de tu Registro tales como nombre de usuario, e-mail, n\u00famero de tel\u00e9fono, contrase\u00f1a, etc.<br \/><br \/>En caso de dudas o sugestiones relacionadas a nuestras pol\u00edticas de privacidad, por favor contact\u00e1nos.<\/p>\t\t\t\t\t\t\t\t<\/div>\n\t\t\t\t\t<\/div>\n\t\t\t\t<\/div>\n\t\t\t\t<\/div>\n\t\t","protected":false},"excerpt":{"rendered":"<p>T\u00e9rminos de privacidad Al completar tu Registro de Usuario, tus datos estar\u00e1n seguros de acuerdo con nuestras Pol\u00edticas de Privacidad. Estas pol\u00edticas de privacidad sirven para que el Usuarios sepa c\u00f3mo sus datos e informaciones son utilizados, almacenados y manipulados en nuestra plataforma. 1\u00ba) Todos los datos escritos en nuestro formulario de registro son transmitidos [&hellip;]<\/p>\n","protected":false},"author":2,"featured_media":0,"parent":0,"menu_order":0,"comment_status":"closed","ping_status":"closed","template":"","meta":{"_acf_changed":false,"inline_featured_image":false,"ocean_post_layout":"","ocean_both_sidebars_style":"","ocean_both_sidebars_content_width":0,"ocean_both_sidebars_sidebars_width":0,"ocean_sidebar":"","ocean_second_sidebar":"","ocean_disable_margins":"enable","ocean_add_body_class":"","ocean_shortcode_before_top_bar":"","ocean_shortcode_after_top_bar":"","ocean_shortcode_before_header":"","ocean_shortcode_after_header":"","ocean_has_shortcode":"","ocean_shortcode_after_title":"","ocean_shortcode_before_footer_widgets":"","ocean_shortcode_after_footer_widgets":"","ocean_shortcode_before_footer_bottom":"","ocean_shortcode_after_footer_bottom":"","ocean_display_top_bar":"default","ocean_display_header":"default","ocean_header_style":"","ocean_center_header_left_menu":"","ocean_custom_header_template":"","ocean_custom_logo":0,"ocean_custom_retina_logo":0,"ocean_custom_logo_max_width":0,"ocean_custom_logo_tablet_max_width":0,"ocean_custom_logo_mobile_max_width":0,"ocean_custom_logo_max_height":0,"ocean_custom_logo_tablet_max_height":0,"ocean_custom_logo_mobile_max_height":0,"ocean_header_custom_menu":"","ocean_menu_typo_font_family":"","ocean_menu_typo_font_subset":"","ocean_menu_typo_font_size":0,"ocean_menu_typo_font_size_tablet":0,"ocean_menu_typo_font_size_mobile":0,"ocean_menu_typo_font_size_unit":"px","ocean_menu_typo_font_weight":"","ocean_menu_typo_font_weight_tablet":"","ocean_menu_typo_font_weight_mobile":"","ocean_menu_typo_transform":"","ocean_menu_typo_transform_tablet":"","ocean_menu_typo_transform_mobile":"","ocean_menu_typo_line_height":0,"ocean_menu_typo_line_height_tablet":0,"ocean_menu_typo_line_height_mobile":0,"ocean_menu_typo_line_height_unit":"","ocean_menu_typo_spacing":0,"ocean_menu_typo_spacing_tablet":0,"ocean_menu_typo_spacing_mobile":0,"ocean_menu_typo_spacing_unit":"","ocean_menu_link_color":"","ocean_menu_link_color_hover":"","ocean_menu_link_color_active":"","ocean_menu_link_background":"","ocean_menu_link_hover_background":"","ocean_menu_link_active_background":"","ocean_menu_social_links_bg":"","ocean_menu_social_hover_links_bg":"","ocean_menu_social_links_color":"","ocean_menu_social_hover_links_color":"","ocean_disable_title":"default","ocean_disable_heading":"default","ocean_post_title":"","ocean_post_subheading":"","ocean_post_title_style":"","ocean_post_title_background_color":"","ocean_post_title_background":0,"ocean_post_title_bg_image_position":"","ocean_post_title_bg_image_attachment":"","ocean_post_title_bg_image_repeat":"","ocean_post_title_bg_image_size":"","ocean_post_title_height":0,"ocean_post_title_bg_overlay":0.5,"ocean_post_title_bg_overlay_color":"","ocean_disable_breadcrumbs":"default","ocean_breadcrumbs_color":"","ocean_breadcrumbs_separator_color":"","ocean_breadcrumbs_links_color":"","ocean_breadcrumbs_links_hover_color":"","ocean_display_footer_widgets":"default","ocean_display_footer_bottom":"default","ocean_custom_footer_template":"","footnotes":""},"class_list":["post-837","page","type-page","status-publish","hentry","entry","owp-thumbs-layout-horizontal","owp-btn-normal","owp-tabs-layout-horizontal","has-no-thumbnails"],"acf":[],"_links":{"self":[{"href":"https:\/\/agnakamura.com\/konbi\/wp-json\/wp\/v2\/pages\/837","targetHints":{"allow":["GET"]}}],"collection":[{"href":"https:\/\/agnakamura.com\/konbi\/wp-json\/wp\/v2\/pages"}],"about":[{"href":"https:\/\/agnakamura.com\/konbi\/wp-json\/wp\/v2\/types\/page"}],"author":[{"embeddable":true,"href":"https:\/\/agnakamura.com\/konbi\/wp-json\/wp\/v2\/users\/2"}],"replies":[{"embeddable":true,"href":"https:\/\/agnakamura.com\/konbi\/wp-json\/wp\/v2\/comments?post=837"}],"version-history":[{"count":19,"href":"https:\/\/agnakamura.com\/konbi\/wp-json\/wp\/v2\/pages\/837\/revisions"}],"predecessor-version":[{"id":1172,"href":"https:\/\/agnakamura.com\/konbi\/wp-json\/wp\/v2\/pages\/837\/revisions\/1172"}],"wp:attachment":[{"href":"https:\/\/agnakamura.com\/konbi\/wp-json\/wp\/v2\/media?parent=837"}],"curies":[{"name":"wp","href":"https:\/\/api.w.org\/{rel}","templated":true}]}}