{"id":731,"date":"2025-11-30T08:19:46","date_gmt":"2025-11-30T08:19:46","guid":{"rendered":"https:\/\/agnakamura.com\/konbi\/term_conditions\/"},"modified":"2025-12-15T12:37:29","modified_gmt":"2025-12-15T12:37:29","slug":"terminos-de-uso","status":"publish","type":"page","link":"https:\/\/agnakamura.com\/konbi\/terminos-de-uso\/","title":{"rendered":"T\u00e9rminos de uso y condiciones"},"content":{"rendered":"\t\t<div data-elementor-type=\"wp-page\" data-elementor-id=\"731\" class=\"elementor elementor-731\" data-elementor-post-type=\"page\">\n\t\t\t\t<div class=\"elementor-element elementor-element-5c3d2e8 e-flex e-con-boxed e-con e-parent\" data-id=\"5c3d2e8\" data-element_type=\"container\" data-e-type=\"container\">\n\t\t\t\t\t<div class=\"e-con-inner\">\n\t\t\t\t<div class=\"elementor-element elementor-element-b00faf4 elementor-widget elementor-widget-heading\" data-id=\"b00faf4\" data-element_type=\"widget\" data-e-type=\"widget\" data-widget_type=\"heading.default\">\n\t\t\t\t\t<h2 class=\"elementor-heading-title elementor-size-default\">T\u00e9rminos y Condiciones de uso<\/h2>\t\t\t\t<\/div>\n\t\t\t\t<div class=\"elementor-element elementor-element-e199dff elementor-widget elementor-widget-text-editor\" data-id=\"e199dff\" data-element_type=\"widget\" data-e-type=\"widget\" data-widget_type=\"text-editor.default\">\n\t\t\t\t\t\t\t\t\tEl Interesado que opte por adquirir alguno de los contenidos y\/o productos ofrecidos en la plataforma de KONBI Studio, entre ellos pero no exclusivamente, cursos, lives, masterclass, charlas, videos y\/o toda modalidad presente o futura, se compromete a la aceptaci\u00f3n de los siguiente T\u00e9rminos y Condiciones de Uso:<br><br>\n1\u00b0) Una vez realizado el pago correspondiente para la adquisici\u00f3n de cualquiera de los contenidos y\/o productos disponibles en la plataforma de KONBI Studio el Interesado deber\u00e1 generar una Cuenta de Usuario. Este Usuario es \u00fanico e intransferible y le proporcionar\u00e1 acceso tanto a los contenidos y\/o productos espec\u00edficos adquiridos como as\u00ed tambi\u00e9n a las comunidades privadas de KONBI Studio. Los contenidos y\/o productos adquiridos en KONBI Studio tienen un periodo de validez detallado en la descripci\u00f3n de dicho contenido y\/o producto.<br><br>\n2\u00b0) El Interesado podr\u00e1 ejercer su derecho de arrepentimiento de compra de cualquiera de los contenidos y\/o productos adquiridos en la plataforma de KONBI Studio dentro de un plazo de 7 d\u00edas corridos a partir de la fecha de realizaci\u00f3n de la compra. KONBI Studio realizar\u00e1 la restituci\u00f3n total de los valores recibidos. Vencido el plazo de 7 d\u00edas el Interesado no tendr\u00e1 derecho a la restituci\u00f3n de valores.<br><br>\n3\u00b0) El Interesado se compromete a hacer uso responsable de la plataforma de KONBI Studio y a respetar tanto a los profesionales que la representen como as\u00ed tambi\u00e9n a todos los Usuarios que participan de sus comunidades privadas.<br><br>\n4\u00ba) KONBI Studio no se responsabiliza por da\u00f1os o perjuicios generados al Usuario que sea producto de terceros o consecuencia del mal uso de la plataforma por parte de otros Usuarios.<br><br>\n5\u00b0) Todos los contenidos y\/o productos presentes dentro de la plataforma son propiedad de KONBI Studio y son ofrecidos para fines educativos y de uso individual. Ninguna parte de esta propiedad puede ser usada sin previa autorizaci\u00f3n de KONBI Studio. Queda terminantemente prohibido, ya sea total o parcialmente, la descarga, copia, re-upload, publicaci\u00f3n, distribuci\u00f3n, streaming, venta, almacenamiento y\/o transmisi\u00f3n por cualquier medio ya sea electr\u00f3nico, qu\u00edmico o impreso, presente o futuro, de cualquiera de los contenidos y\/o productos adquiridos en la plataforma de KONBI Studio.<br><br>\n6\u00ba) En caso de que el Interesado viole alguna de la condiciones enumeradas anteriormente queda a libre criterio de KONBI Studio, y sin previo aviso necesario, la inmediata terminaci\u00f3n de su Cuenta de Usuario. El Interesado perder\u00e1 consecuentemente acceso a todo contenido y\/o producto adquirido en la plataforma de KONBI Studio.<br><br>\n7\u00b0) KONBI Studio podr\u00e1 modificar, editar, expandir y\/o reemplazar, sin previo aviso necesario, cualquiera de los contenidos y\/o productos ofrecidos en la plataforma de KONBI Studio.<br><br>\nEn caso de dudas o sugestiones relacionadas a nuestros T\u00e9rminos y Condiciones de Uso, por favor contactanos.\t\t\t\t\t\t\t\t<\/div>\n\t\t\t\t\t<\/div>\n\t\t\t\t<\/div>\n\t\t\t\t<\/div>\n\t\t","protected":false},"excerpt":{"rendered":"<p>T\u00e9rminos y Condiciones de uso El Interesado que opte por adquirir alguno de los contenidos y\/o productos ofrecidos en la plataforma de KONBI Studio, entre ellos pero no exclusivamente, cursos, lives, masterclass, charlas, videos y\/o toda modalidad presente o futura, se compromete a la aceptaci\u00f3n de los siguiente T\u00e9rminos y Condiciones de Uso: 1\u00b0) Una [&hellip;]<\/p>\n","protected":false},"author":2,"featured_media":0,"parent":0,"menu_order":0,"comment_status":"closed","ping_status":"closed","template":"","meta":{"_acf_changed":false,"inline_featured_image":false,"ocean_post_layout":"","ocean_both_sidebars_style":"","ocean_both_sidebars_content_width":0,"ocean_both_sidebars_sidebars_width":0,"ocean_sidebar":"","ocean_second_sidebar":"","ocean_disable_margins":"enable","ocean_add_body_class":"","ocean_shortcode_before_top_bar":"","ocean_shortcode_after_top_bar":"","ocean_shortcode_before_header":"","ocean_shortcode_after_header":"","ocean_has_shortcode":"","ocean_shortcode_after_title":"","ocean_shortcode_before_footer_widgets":"","ocean_shortcode_after_footer_widgets":"","ocean_shortcode_before_footer_bottom":"","ocean_shortcode_after_footer_bottom":"","ocean_display_top_bar":"default","ocean_display_header":"default","ocean_header_style":"","ocean_center_header_left_menu":"","ocean_custom_header_template":"","ocean_custom_logo":0,"ocean_custom_retina_logo":0,"ocean_custom_logo_max_width":0,"ocean_custom_logo_tablet_max_width":0,"ocean_custom_logo_mobile_max_width":0,"ocean_custom_logo_max_height":0,"ocean_custom_logo_tablet_max_height":0,"ocean_custom_logo_mobile_max_height":0,"ocean_header_custom_menu":"","ocean_menu_typo_font_family":"","ocean_menu_typo_font_subset":"","ocean_menu_typo_font_size":0,"ocean_menu_typo_font_size_tablet":0,"ocean_menu_typo_font_size_mobile":0,"ocean_menu_typo_font_size_unit":"px","ocean_menu_typo_font_weight":"","ocean_menu_typo_font_weight_tablet":"","ocean_menu_typo_font_weight_mobile":"","ocean_menu_typo_transform":"","ocean_menu_typo_transform_tablet":"","ocean_menu_typo_transform_mobile":"","ocean_menu_typo_line_height":0,"ocean_menu_typo_line_height_tablet":0,"ocean_menu_typo_line_height_mobile":0,"ocean_menu_typo_line_height_unit":"","ocean_menu_typo_spacing":0,"ocean_menu_typo_spacing_tablet":0,"ocean_menu_typo_spacing_mobile":0,"ocean_menu_typo_spacing_unit":"","ocean_menu_link_color":"","ocean_menu_link_color_hover":"","ocean_menu_link_color_active":"","ocean_menu_link_background":"","ocean_menu_link_hover_background":"","ocean_menu_link_active_background":"","ocean_menu_social_links_bg":"","ocean_menu_social_hover_links_bg":"","ocean_menu_social_links_color":"","ocean_menu_social_hover_links_color":"","ocean_disable_title":"default","ocean_disable_heading":"default","ocean_post_title":"","ocean_post_subheading":"","ocean_post_title_style":"","ocean_post_title_background_color":"","ocean_post_title_background":0,"ocean_post_title_bg_image_position":"","ocean_post_title_bg_image_attachment":"","ocean_post_title_bg_image_repeat":"","ocean_post_title_bg_image_size":"","ocean_post_title_height":0,"ocean_post_title_bg_overlay":0.5,"ocean_post_title_bg_overlay_color":"","ocean_disable_breadcrumbs":"default","ocean_breadcrumbs_color":"","ocean_breadcrumbs_separator_color":"","ocean_breadcrumbs_links_color":"","ocean_breadcrumbs_links_hover_color":"","ocean_display_footer_widgets":"default","ocean_display_footer_bottom":"default","ocean_custom_footer_template":"","footnotes":""},"class_list":["post-731","page","type-page","status-publish","hentry","entry","owp-thumbs-layout-horizontal","owp-btn-normal","owp-tabs-layout-horizontal","has-no-thumbnails"],"acf":[],"_links":{"self":[{"href":"https:\/\/agnakamura.com\/konbi\/wp-json\/wp\/v2\/pages\/731","targetHints":{"allow":["GET"]}}],"collection":[{"href":"https:\/\/agnakamura.com\/konbi\/wp-json\/wp\/v2\/pages"}],"about":[{"href":"https:\/\/agnakamura.com\/konbi\/wp-json\/wp\/v2\/types\/page"}],"author":[{"embeddable":true,"href":"https:\/\/agnakamura.com\/konbi\/wp-json\/wp\/v2\/users\/2"}],"replies":[{"embeddable":true,"href":"https:\/\/agnakamura.com\/konbi\/wp-json\/wp\/v2\/comments?post=731"}],"version-history":[{"count":16,"href":"https:\/\/agnakamura.com\/konbi\/wp-json\/wp\/v2\/pages\/731\/revisions"}],"predecessor-version":[{"id":1175,"href":"https:\/\/agnakamura.com\/konbi\/wp-json\/wp\/v2\/pages\/731\/revisions\/1175"}],"wp:attachment":[{"href":"https:\/\/agnakamura.com\/konbi\/wp-json\/wp\/v2\/media?parent=731"}],"curies":[{"name":"wp","href":"https:\/\/api.w.org\/{rel}","templated":true}]}}