{"id":461,"date":"2025-10-30T04:24:17","date_gmt":"2025-10-30T04:24:17","guid":{"rendered":"https:\/\/agnakamura.com\/konbi\/?page_id=461"},"modified":"2025-12-29T12:56:24","modified_gmt":"2025-12-29T12:56:24","slug":"sobre","status":"publish","type":"page","link":"https:\/\/agnakamura.com\/konbi\/sobre\/","title":{"rendered":"Sobre"},"content":{"rendered":"\t\t<div data-elementor-type=\"wp-page\" data-elementor-id=\"461\" class=\"elementor elementor-461\" data-elementor-post-type=\"page\">\n\t\t\t\t<div class=\"elementor-element elementor-element-1f37e52 e-grid e-con-boxed e-con e-parent\" data-id=\"1f37e52\" data-element_type=\"container\" data-e-type=\"container\">\n\t\t\t\t\t<div class=\"e-con-inner\">\n\t\t<div class=\"elementor-element elementor-element-71a899a e-con-full e-flex e-con e-child\" data-id=\"71a899a\" data-element_type=\"container\" data-e-type=\"container\">\n\t\t\t\t<div class=\"elementor-element elementor-element-5a8ba51 elementor-widget elementor-widget-heading\" data-id=\"5a8ba51\" data-element_type=\"widget\" data-e-type=\"widget\" data-widget_type=\"heading.default\">\n\t\t\t\t\t<h2 class=\"elementor-heading-title elementor-size-default\">KONBI Studio<\/h2>\t\t\t\t<\/div>\n\t\t\t\t<div class=\"elementor-element elementor-element-445bac6 elementor-widget elementor-widget-text-editor\" data-id=\"445bac6\" data-element_type=\"widget\" data-e-type=\"widget\" data-widget_type=\"text-editor.default\">\n\t\t\t\t\t\t\t\t\t<p><strong>KONBI<\/strong>, del Japon\u00e9s \u201cKonbini\u201d, del ingl\u00e9s \u201cConvenience\u201d (store), es el equivalente al \u201cPolirubro\u201d Argentino. Es la mejor manera de representar al profesional multi-disciplinario del dibujo. Quien trabaja en sus m\u00e1s variadas aplicaciones como la historietas, c\u00f3mics, ilustraci\u00f3n, animaci\u00f3n, cine, videogames y publicidad.<\/p><p>Todo dibujante es un Polirubro. Es <strong>KONBI<\/strong>.<\/p><p><strong>KONBI Studio<\/strong> es una plataforma para discutir, compartir y aprender a trav\u00e9s de cursos, lives, recomendaciones y tips sobre ilustraci\u00f3n, historieta y cultura Japonesa. Pero por sobre todas las cosas <strong>KONBI Studio<\/strong> es un canal de comunicaci\u00f3n directo entre profesionales en actividad y aspirantes desde cualquier parte del mundo.<\/p>\t\t\t\t\t\t\t\t<\/div>\n\t\t\t\t<\/div>\n\t\t\t\t<div class=\"elementor-element elementor-element-2d32b41 elementor-widget elementor-widget-image\" data-id=\"2d32b41\" data-element_type=\"widget\" data-e-type=\"widget\" data-widget_type=\"image.default\">\n\t\t\t\t\t\t\t\t\t\t\t\t\t\t\t<img fetchpriority=\"high\" decoding=\"async\" width=\"1024\" height=\"957\" src=\"https:\/\/agnakamura.com\/konbi\/wp-content\/uploads\/2025\/12\/sobre-1024x957.jpg\" class=\"attachment-large size-large wp-image-779\" alt=\"\" srcset=\"https:\/\/agnakamura.com\/konbi\/wp-content\/uploads\/2025\/12\/sobre-1024x957.jpg 1024w, https:\/\/agnakamura.com\/konbi\/wp-content\/uploads\/2025\/12\/sobre-300x280.jpg 300w, https:\/\/agnakamura.com\/konbi\/wp-content\/uploads\/2025\/12\/sobre-768x718.jpg 768w, https:\/\/agnakamura.com\/konbi\/wp-content\/uploads\/2025\/12\/sobre-1536x1435.jpg 1536w, https:\/\/agnakamura.com\/konbi\/wp-content\/uploads\/2025\/12\/sobre-600x561.jpg 600w, https:\/\/agnakamura.com\/konbi\/wp-content\/uploads\/2025\/12\/sobre.jpg 1542w\" sizes=\"(max-width: 1024px) 100vw, 1024px\" \/>\t\t\t\t\t\t\t\t\t\t\t\t\t\t\t<\/div>\n\t\t\t\t\t<\/div>\n\t\t\t\t<\/div>\n\t\t<div class=\"elementor-element elementor-element-1c6d18c e-grid e-con-boxed e-con e-parent\" data-id=\"1c6d18c\" data-element_type=\"container\" data-e-type=\"container\">\n\t\t\t\t\t<div class=\"e-con-inner\">\n\t\t\t\t<div class=\"elementor-element elementor-element-8bccce6 elementor-widget elementor-widget-image\" data-id=\"8bccce6\" data-element_type=\"widget\" data-e-type=\"widget\" data-widget_type=\"image.default\">\n\t\t\t\t\t\t\t\t\t\t\t\t\t\t\t<img decoding=\"async\" width=\"700\" height=\"700\" src=\"https:\/\/agnakamura.com\/konbi\/wp-content\/uploads\/2025\/10\/WhatsApp-Image-2025-10-09-at-6.29.53-PM.jpeg\" class=\"attachment-large size-large wp-image-464\" alt=\"\" srcset=\"https:\/\/agnakamura.com\/konbi\/wp-content\/uploads\/2025\/10\/WhatsApp-Image-2025-10-09-at-6.29.53-PM.jpeg 700w, https:\/\/agnakamura.com\/konbi\/wp-content\/uploads\/2025\/10\/WhatsApp-Image-2025-10-09-at-6.29.53-PM-300x300.jpeg 300w, https:\/\/agnakamura.com\/konbi\/wp-content\/uploads\/2025\/10\/WhatsApp-Image-2025-10-09-at-6.29.53-PM-100x100.jpeg 100w, https:\/\/agnakamura.com\/konbi\/wp-content\/uploads\/2025\/10\/WhatsApp-Image-2025-10-09-at-6.29.53-PM-600x600.jpeg 600w, https:\/\/agnakamura.com\/konbi\/wp-content\/uploads\/2025\/10\/WhatsApp-Image-2025-10-09-at-6.29.53-PM-150x150.jpeg 150w, https:\/\/agnakamura.com\/konbi\/wp-content\/uploads\/2025\/10\/WhatsApp-Image-2025-10-09-at-6.29.53-PM-12x12.jpeg 12w\" sizes=\"(max-width: 700px) 100vw, 700px\" \/>\t\t\t\t\t\t\t\t\t\t\t\t\t\t\t<\/div>\n\t\t<div class=\"elementor-element elementor-element-9b36c41 e-con-full e-flex e-con e-child\" data-id=\"9b36c41\" data-element_type=\"container\" data-e-type=\"container\">\n\t\t\t\t<div class=\"elementor-element elementor-element-f5640fc elementor-widget elementor-widget-heading\" data-id=\"f5640fc\" data-element_type=\"widget\" data-e-type=\"widget\" data-widget_type=\"heading.default\">\n\t\t\t\t\t<h2 class=\"elementor-heading-title elementor-size-default\">Agust\u00edn Graham Nakamura<\/h2>\t\t\t\t<\/div>\n\t\t\t\t<div class=\"elementor-element elementor-element-d15db27 elementor-widget elementor-widget-heading\" data-id=\"d15db27\" data-element_type=\"widget\" data-e-type=\"widget\" data-widget_type=\"heading.default\">\n\t\t\t\t\t<h2 class=\"elementor-heading-title elementor-size-default\">Creador y Director<\/h2>\t\t\t\t<\/div>\n\t\t\t\t<div class=\"elementor-element elementor-element-6080981 elementor-widget elementor-widget-text-editor\" data-id=\"6080981\" data-element_type=\"widget\" data-e-type=\"widget\" data-widget_type=\"text-editor.default\">\n\t\t\t\t\t\t\t\t\t<p>Autor e ilustrador Argentino-Japon\u00e9s. Formado en direcci\u00f3n animaci\u00f3n en Sapporo Manga &amp; Anime School, Hokkaido, Jap\u00f3n. Fue profesor de la Carrera de Dise\u00f1o de Historietas de la Universidad de Palermo y en el Centro CCJAP, Argentina.<\/p><p>Ha publicado trabajos de historieta en Argentina, Brasil, Francia, Estados Unidos, M\u00e9xico, Espa\u00f1a, Alemania y Korea.<\/p><p>Reconocido y seleccionados en: DIENTE \u2013 Circulo De Creatividad Argentina, Premios Carlos Trillo, Premios Banda Dibujada, Trof\u00e9u HQMIX, Animamundi, SICAF Korea, San Diego COMIC-CON IFF, Dokufest, FEJOREL etc.<\/p>\t\t\t\t\t\t\t\t<\/div>\n\t\t\t\t<div class=\"elementor-element elementor-element-0676a29 elementor-shape-circle socialautor elementor-grid-0 e-grid-align-center elementor-widget elementor-widget-social-icons\" data-id=\"0676a29\" data-element_type=\"widget\" data-e-type=\"widget\" data-widget_type=\"social-icons.default\">\n\t\t\t\t\t\t\t<div class=\"elementor-social-icons-wrapper elementor-grid\">\n\t\t\t\t\t\t\t<span class=\"elementor-grid-item\">\n\t\t\t\t\t<a class=\"elementor-icon elementor-social-icon elementor-social-icon-globe elementor-repeater-item-3a5023e\" href=\"https:\/\/agnakamura.com\/\" target=\"_blank\">\n\t\t\t\t\t\t<span class=\"elementor-screen-only\">Globe<\/span>\n\t\t\t\t\t\t<svg aria-hidden=\"true\" class=\"e-font-icon-svg e-fas-globe\" viewBox=\"0 0 496 512\" xmlns=\"http:\/\/www.w3.org\/2000\/svg\"><path d=\"M336.5 160C322 70.7 287.8 8 248 8s-74 62.7-88.5 152h177zM152 256c0 22.2 1.2 43.5 3.3 64h185.3c2.1-20.5 3.3-41.8 3.3-64s-1.2-43.5-3.3-64H155.3c-2.1 20.5-3.3 41.8-3.3 64zm324.7-96c-28.6-67.9-86.5-120.4-158-141.6 24.4 33.8 41.2 84.7 50 141.6h108zM177.2 18.4C105.8 39.6 47.8 92.1 19.3 160h108c8.7-56.9 25.5-107.8 49.9-141.6zM487.4 192H372.7c2.1 21 3.3 42.5 3.3 64s-1.2 43-3.3 64h114.6c5.5-20.5 8.6-41.8 8.6-64s-3.1-43.5-8.5-64zM120 256c0-21.5 1.2-43 3.3-64H8.6C3.2 212.5 0 233.8 0 256s3.2 43.5 8.6 64h114.6c-2-21-3.2-42.5-3.2-64zm39.5 96c14.5 89.3 48.7 152 88.5 152s74-62.7 88.5-152h-177zm159.3 141.6c71.4-21.2 129.4-73.7 158-141.6h-108c-8.8 56.9-25.6 107.8-50 141.6zM19.3 352c28.6 67.9 86.5 120.4 158 141.6-24.4-33.8-41.2-84.7-50-141.6h-108z\"><\/path><\/svg>\t\t\t\t\t<\/a>\n\t\t\t\t<\/span>\n\t\t\t\t\t<\/div>\n\t\t\t\t\t\t<\/div>\n\t\t\t\t<\/div>\n\t\t\t\t\t<\/div>\n\t\t\t\t<\/div>\n\t\t<div class=\"elementor-element elementor-element-8dc6110 e-grid e-con-boxed e-con e-parent\" data-id=\"8dc6110\" data-element_type=\"container\" data-e-type=\"container\">\n\t\t\t\t\t<div class=\"e-con-inner\">\n\t\t\t\t<div class=\"elementor-element elementor-element-61751e1 elementor-widget elementor-widget-image\" data-id=\"61751e1\" data-element_type=\"widget\" data-e-type=\"widget\" data-widget_type=\"image.default\">\n\t\t\t\t\t\t\t\t\t\t\t\t\t\t\t<img decoding=\"async\" width=\"266\" height=\"320\" src=\"https:\/\/agnakamura.com\/konbi\/wp-content\/uploads\/2025\/12\/Hiromi.jpeg\" class=\"attachment-large size-large wp-image-1609\" alt=\"\" srcset=\"https:\/\/agnakamura.com\/konbi\/wp-content\/uploads\/2025\/12\/Hiromi.jpeg 266w, https:\/\/agnakamura.com\/konbi\/wp-content\/uploads\/2025\/12\/Hiromi-249x300.jpeg 249w\" sizes=\"(max-width: 266px) 100vw, 266px\" \/>\t\t\t\t\t\t\t\t\t\t\t\t\t\t\t<\/div>\n\t\t<div class=\"elementor-element elementor-element-7205373 e-con-full e-flex e-con e-child\" data-id=\"7205373\" data-element_type=\"container\" data-e-type=\"container\">\n\t\t\t\t<div class=\"elementor-element elementor-element-fba6f3d elementor-widget elementor-widget-heading\" data-id=\"fba6f3d\" data-element_type=\"widget\" data-e-type=\"widget\" data-widget_type=\"heading.default\">\n\t\t\t\t\t<h2 class=\"elementor-heading-title elementor-size-default\">Hiromi Saito<\/h2>\t\t\t\t<\/div>\n\t\t\t\t<div class=\"elementor-element elementor-element-57d083b elementor-widget elementor-widget-heading\" data-id=\"57d083b\" data-element_type=\"widget\" data-e-type=\"widget\" data-widget_type=\"heading.default\">\n\t\t\t\t\t<h2 class=\"elementor-heading-title elementor-size-default\">Co-creadora y supervisora de contenidos<\/h2>\t\t\t\t<\/div>\n\t\t\t\t<div class=\"elementor-element elementor-element-b3afb63 elementor-widget elementor-widget-text-editor\" data-id=\"b3afb63\" data-element_type=\"widget\" data-e-type=\"widget\" data-widget_type=\"text-editor.default\">\n\t\t\t\t\t\t\t\t\t<p>Licenciada en artes por la Funda\u00e7\u00e3o Armando Alvares Penteado (FAAP). Tiene experiencia en gesti\u00f3n cultural, producci\u00f3n y educaci\u00f3n de museo trabajando en Jap\u00f3n, Argentina y Brasil.<br \/>Actualmente trabaja con proyectos de mediaci\u00f3n cultural y cultura japonesa en S\u00e3o Paulo, Brasil.<\/p>\t\t\t\t\t\t\t\t<\/div>\n\t\t\t\t<\/div>\n\t\t\t\t\t<\/div>\n\t\t\t\t<\/div>\n\t\t<div class=\"elementor-element elementor-element-6215494 e-flex e-con-boxed e-con e-parent\" data-id=\"6215494\" data-element_type=\"container\" data-e-type=\"container\">\n\t\t\t\t\t<div class=\"e-con-inner\">\n\t\t\t\t<div class=\"elementor-element elementor-element-89c34d0 elementor-widget elementor-widget-text-editor\" data-id=\"89c34d0\" data-element_type=\"widget\" data-e-type=\"widget\" data-widget_type=\"text-editor.default\">\n\t\t\t\t\t\t\t\t\t<p style=\"text-align: left;\"><strong>KONBI ha sido posible gracias a la colaboraci\u00f3n de: <\/strong>Yoko Nakamura, papa.patoe, Marcelo Saito, Catia Sasaki, Carlos Baragli, Midori Graham, Pablo Ontivero, Diego Agrimbau, Juan Pablo Zaramella, Mariano Bergara, Erika Ideriha, Limay Uribe Ruberti.<\/p>\t\t\t\t\t\t\t\t<\/div>\n\t\t\t\t\t<\/div>\n\t\t\t\t<\/div>\n\t\t\t\t<\/div>\n\t\t","protected":false},"excerpt":{"rendered":"<p>KONBI Studio KONBI, del Japon\u00e9s \u201cKonbini\u201d, del ingl\u00e9s \u201cConvenience\u201d (store), es el equivalente al \u201cPolirubro\u201d Argentino. Es la mejor manera de representar al profesional multi-disciplinario del dibujo. Quien trabaja en sus m\u00e1s variadas aplicaciones como la historietas, c\u00f3mics, ilustraci\u00f3n, animaci\u00f3n, cine, videogames y publicidad. Todo dibujante es un Polirubro. Es KONBI. KONBI Studio es una [&hellip;]<\/p>\n","protected":false},"author":2,"featured_media":0,"parent":0,"menu_order":0,"comment_status":"closed","ping_status":"closed","template":"","meta":{"_acf_changed":false,"inline_featured_image":false,"ocean_post_layout":"","ocean_both_sidebars_style":"","ocean_both_sidebars_content_width":0,"ocean_both_sidebars_sidebars_width":0,"ocean_sidebar":"","ocean_second_sidebar":"","ocean_disable_margins":"enable","ocean_add_body_class":"","ocean_shortcode_before_top_bar":"","ocean_shortcode_after_top_bar":"","ocean_shortcode_before_header":"","ocean_shortcode_after_header":"","ocean_has_shortcode":"","ocean_shortcode_after_title":"","ocean_shortcode_before_footer_widgets":"","ocean_shortcode_after_footer_widgets":"","ocean_shortcode_before_footer_bottom":"","ocean_shortcode_after_footer_bottom":"","ocean_display_top_bar":"default","ocean_display_header":"default","ocean_header_style":"","ocean_center_header_left_menu":"","ocean_custom_header_template":"","ocean_custom_logo":0,"ocean_custom_retina_logo":0,"ocean_custom_logo_max_width":0,"ocean_custom_logo_tablet_max_width":0,"ocean_custom_logo_mobile_max_width":0,"ocean_custom_logo_max_height":0,"ocean_custom_logo_tablet_max_height":0,"ocean_custom_logo_mobile_max_height":0,"ocean_header_custom_menu":"","ocean_menu_typo_font_family":"","ocean_menu_typo_font_subset":"","ocean_menu_typo_font_size":0,"ocean_menu_typo_font_size_tablet":0,"ocean_menu_typo_font_size_mobile":0,"ocean_menu_typo_font_size_unit":"px","ocean_menu_typo_font_weight":"","ocean_menu_typo_font_weight_tablet":"","ocean_menu_typo_font_weight_mobile":"","ocean_menu_typo_transform":"","ocean_menu_typo_transform_tablet":"","ocean_menu_typo_transform_mobile":"","ocean_menu_typo_line_height":0,"ocean_menu_typo_line_height_tablet":0,"ocean_menu_typo_line_height_mobile":0,"ocean_menu_typo_line_height_unit":"","ocean_menu_typo_spacing":0,"ocean_menu_typo_spacing_tablet":0,"ocean_menu_typo_spacing_mobile":0,"ocean_menu_typo_spacing_unit":"","ocean_menu_link_color":"","ocean_menu_link_color_hover":"","ocean_menu_link_color_active":"","ocean_menu_link_background":"","ocean_menu_link_hover_background":"","ocean_menu_link_active_background":"","ocean_menu_social_links_bg":"","ocean_menu_social_hover_links_bg":"","ocean_menu_social_links_color":"","ocean_menu_social_hover_links_color":"","ocean_disable_title":"default","ocean_disable_heading":"default","ocean_post_title":"","ocean_post_subheading":"","ocean_post_title_style":"","ocean_post_title_background_color":"","ocean_post_title_background":0,"ocean_post_title_bg_image_position":"","ocean_post_title_bg_image_attachment":"","ocean_post_title_bg_image_repeat":"","ocean_post_title_bg_image_size":"","ocean_post_title_height":0,"ocean_post_title_bg_overlay":0.5,"ocean_post_title_bg_overlay_color":"","ocean_disable_breadcrumbs":"default","ocean_breadcrumbs_color":"","ocean_breadcrumbs_separator_color":"","ocean_breadcrumbs_links_color":"","ocean_breadcrumbs_links_hover_color":"","ocean_display_footer_widgets":"default","ocean_display_footer_bottom":"default","ocean_custom_footer_template":"","footnotes":""},"class_list":["post-461","page","type-page","status-publish","hentry","entry","owp-thumbs-layout-horizontal","owp-btn-normal","owp-tabs-layout-horizontal","has-no-thumbnails"],"acf":[],"_links":{"self":[{"href":"https:\/\/agnakamura.com\/konbi\/wp-json\/wp\/v2\/pages\/461","targetHints":{"allow":["GET"]}}],"collection":[{"href":"https:\/\/agnakamura.com\/konbi\/wp-json\/wp\/v2\/pages"}],"about":[{"href":"https:\/\/agnakamura.com\/konbi\/wp-json\/wp\/v2\/types\/page"}],"author":[{"embeddable":true,"href":"https:\/\/agnakamura.com\/konbi\/wp-json\/wp\/v2\/users\/2"}],"replies":[{"embeddable":true,"href":"https:\/\/agnakamura.com\/konbi\/wp-json\/wp\/v2\/comments?post=461"}],"version-history":[{"count":70,"href":"https:\/\/agnakamura.com\/konbi\/wp-json\/wp\/v2\/pages\/461\/revisions"}],"predecessor-version":[{"id":1612,"href":"https:\/\/agnakamura.com\/konbi\/wp-json\/wp\/v2\/pages\/461\/revisions\/1612"}],"wp:attachment":[{"href":"https:\/\/agnakamura.com\/konbi\/wp-json\/wp\/v2\/media?parent=461"}],"curies":[{"name":"wp","href":"https:\/\/api.w.org\/{rel}","templated":true}]}}